{"id":273,"date":"2021-12-03T15:12:28","date_gmt":"2021-12-03T14:12:28","guid":{"rendered":"http:\/\/glnyjtm.cluster029.hosting.ovh.net\/btsfamily.org\/?page_id=273"},"modified":"2021-12-11T16:52:54","modified_gmt":"2021-12-11T15:52:54","slug":"partenariats","status":"publish","type":"page","link":"http:\/\/www.btsfamily.org\/index.php\/partenariats\/","title":{"rendered":"Partenariats"},"content":{"rendered":"\n<p><\/p>\n\n\n\n<p class=\"has-colibri-color-6-color has-text-color has-normal-font-size\">R\u00e9cemment RM, le leader du groupe, a illustr\u00e9 la r\u00e9ussite du groupe en proportionnant la participation de l\u2019Army \u00e0 <strong><span class=\"has-inline-color has-colibri-color-4-color\">50%<\/span><\/strong>, BTS \u00e0 <strong><span class=\"has-inline-color has-colibri-color-4-color\">35%<\/span><\/strong> et de leur agence et autres coll\u00e8gues \u00e0 <strong><span class=\"has-inline-color has-colibri-color-4-color\">15%<\/span><\/strong>. <\/p>\n\n\n\n<p class=\"has-colibri-color-6-color has-text-color has-normal-font-size\">Comme RM, nous croyons \u00e0 l\u2019importance de la collaboration. C\u2019est pourquoi, nous allons \u0153uvrer autant que possible \u00e0 la cr\u00e9ation de liens et de coop\u00e9rations avec :<\/p>\n\n\n\n<ul class=\"has-colibri-color-6-color has-text-color\"><li>d\u2019autres fandoms, parce qu\u2019on n\u2019est jamais plus forts qu\u2019ensemble <\/li><li>toute association ayant le m\u00eame objectif que nous, \u00e0 savoir mettre en valeur l\u2019\u0153uvre de BTS <\/li><li>des associations et structures, notamment humanitaires, qui partagent les valeurs et combats de BTS <\/li><li>plus g\u00e9n\u00e9ralement toutes les organisations, personnes et entreprises qui promeuvent la culture cor\u00e9enne <\/li><\/ul>\n\n\n\n<p class=\"has-colibri-color-6-color has-text-color\"><\/p>\n\n\n\n<p class=\"has-colibri-color-6-color has-text-color\">Notre premier partenariat a \u00e9t\u00e9 conclu avec l\u2019<strong>Association Lavita <\/strong>qui a pour objectif d\u2019infl\u00e9chir le passage \u00e0 l\u2019acte suicidaire des jeunes en France. Le sujet de la sant\u00e9 mentale tient particuli\u00e8rement \u00e0 c\u0153ur des membres du groupe.<\/p>\n\n\n\n<figure class=\"wp-block-image size-full is-resized\"><img loading=\"lazy\" src=\"http:\/\/glnyjtm.cluster029.hosting.ovh.net\/btsfamily.org\/wp-content\/uploads\/2021\/12\/Capture-de\u0301cran-2021-12-11-a\u0300-16.49.20.png\" alt=\"\" class=\"wp-image-328\" width=\"209\" height=\"117\" srcset=\"http:\/\/glnyjtm.cluster029.hosting.ovh.net\/btsfamily.org\/wp-content\/uploads\/2021\/12\/Capture-de\u0301cran-2021-12-11-a\u0300-16.49.20.png 400w, http:\/\/glnyjtm.cluster029.hosting.ovh.net\/btsfamily.org\/wp-content\/uploads\/2021\/12\/Capture-de\u0301cran-2021-12-11-a\u0300-16.49.20-300x168.png 300w\" sizes=\"(max-width: 209px) 100vw, 209px\" \/><\/figure>\n\n\n\n<p><\/p>\n\n\n\n<p><\/p>\n\n\n\n<p class=\"has-colibri-color-6-color has-text-color\"> D\u2019autres partenariats sont actuellement \u00e0 l\u2019\u00e9tude, nous aurons l\u2019occasion de les pr\u00e9senter sur cette page.<\/p>\n","protected":false},"excerpt":{"rendered":"<p>R\u00e9cemment RM, le leader du groupe, a illustr\u00e9 la r\u00e9ussite du groupe en proportionnant la participation de l\u2019Army \u00e0 50%, BTS \u00e0 35% et de leur agence et autres coll\u00e8gues \u00e0 15%. Comme RM, nous croyons \u00e0 l\u2019importance de la collaboration. C\u2019est pourquoi, nous allons \u0153uvrer autant que possible \u00e0 la cr\u00e9ation de liens et [&hellip;]<\/p>\n","protected":false},"author":1,"featured_media":0,"parent":0,"menu_order":0,"comment_status":"closed","ping_status":"closed","template":"","meta":[],"_links":{"self":[{"href":"http:\/\/www.btsfamily.org\/index.php\/wp-json\/wp\/v2\/pages\/273"}],"collection":[{"href":"http:\/\/www.btsfamily.org\/index.php\/wp-json\/wp\/v2\/pages"}],"about":[{"href":"http:\/\/www.btsfamily.org\/index.php\/wp-json\/wp\/v2\/types\/page"}],"author":[{"embeddable":true,"href":"http:\/\/www.btsfamily.org\/index.php\/wp-json\/wp\/v2\/users\/1"}],"replies":[{"embeddable":true,"href":"http:\/\/www.btsfamily.org\/index.php\/wp-json\/wp\/v2\/comments?post=273"}],"version-history":[{"count":4,"href":"http:\/\/www.btsfamily.org\/index.php\/wp-json\/wp\/v2\/pages\/273\/revisions"}],"predecessor-version":[{"id":332,"href":"http:\/\/www.btsfamily.org\/index.php\/wp-json\/wp\/v2\/pages\/273\/revisions\/332"}],"wp:attachment":[{"href":"http:\/\/www.btsfamily.org\/index.php\/wp-json\/wp\/v2\/media?parent=273"}],"curies":[{"name":"wp","href":"https:\/\/api.w.org\/{rel}","templated":true}]}}