{"id":271,"date":"2021-12-03T15:11:46","date_gmt":"2021-12-03T14:11:46","guid":{"rendered":"http:\/\/glnyjtm.cluster029.hosting.ovh.net\/btsfamily.org\/?page_id=271"},"modified":"2022-02-27T21:20:27","modified_gmt":"2022-02-27T20:20:27","slug":"evenements","status":"publish","type":"page","link":"http:\/\/www.btsfamily.org\/index.php\/evenements\/","title":{"rendered":"\u00c9v\u00e9nements"},"content":{"rendered":"\n<p class=\"has-text-align-center has-colibri-color-4-color has-text-color has-medium-font-size\"><strong><em>J-HOPE BIRTHDAY AU KAYO COFFEE<\/em><\/strong><\/p>\n\n\n\n<p class=\"has-normal-font-size\">Pour c\u00e9l\u00e9brer l&rsquo;anniversaire de J-Hope, nous avons organis\u00e9 du <strong>18 au 20 f\u00e9vrier<\/strong> <strong>2022<\/strong> notre tout premier \u00e9v\u00e9nement  au<em> Kayo Coffee,<\/em> le premier caf\u00e9 consacr\u00e9 \u00e0 la KPOP en France.<\/p>\n\n\n\n<p>Au programme :<\/p>\n\n\n\n<p>Le vendredi 18 f\u00e9vrier, le jour de l&rsquo;anniversaire de Mr Sunshine, Ha\u00effa et Lantou ont propos\u00e9 une activit\u00e9 \u00ab\u00a0cr\u00e9ation de badges 100% Hobi\u00a0\u00bb.<\/p>\n\n\n\n<p>Les samedi 19 et dimanche 20 f\u00e9vrier, Sabine, Aur\u00e9lie.P, Ha\u00effa, Sandrine et Bamby ont anim\u00e9 la file d&rsquo;attente avec des jeux inspir\u00e9s des RUN BTS et des devinettes. \u00c0 la cl\u00e9 des photocards ont \u00e9t\u00e9 gagn\u00e9es \ud83d\ude42<\/p>\n\n\n\n<p>Pour l&rsquo;occasion, nous avions cr\u00e9\u00e9 une pc \u00e0 l&rsquo;effigie de J-Hope. Si vous passez au Kayo Coffee, m\u00eame en dehors de l&rsquo;\u00e9v\u00e9nement, vous pouvez demander une de nos pc \u00e0 l&rsquo;\u00e9quipe s&rsquo;il en reste en stock.<\/p>\n\n\n\n<div class=\"wp-block-group\"><div class=\"wp-block-group__inner-container\">\n<div class=\"wp-block-columns\">\n<div class=\"wp-block-column\" style=\"flex-basis:100%\">\n<div class=\"wp-block-columns\">\n<div class=\"wp-block-column\">\n<figure class=\"wp-block-image size-large\"><img loading=\"lazy\" width=\"1024\" height=\"768\" src=\"http:\/\/glnyjtm.cluster029.hosting.ovh.net\/btsfamily.org\/wp-content\/uploads\/2022\/02\/20220218_132937-1-1024x768.jpg\" alt=\"\" class=\"wp-image-497\" srcset=\"http:\/\/glnyjtm.cluster029.hosting.ovh.net\/btsfamily.org\/wp-content\/uploads\/2022\/02\/20220218_132937-1-1024x768.jpg 1024w, http:\/\/glnyjtm.cluster029.hosting.ovh.net\/btsfamily.org\/wp-content\/uploads\/2022\/02\/20220218_132937-1-300x225.jpg 300w, http:\/\/glnyjtm.cluster029.hosting.ovh.net\/btsfamily.org\/wp-content\/uploads\/2022\/02\/20220218_132937-1-768x576.jpg 768w, http:\/\/glnyjtm.cluster029.hosting.ovh.net\/btsfamily.org\/wp-content\/uploads\/2022\/02\/20220218_132937-1-1536x1152.jpg 1536w, http:\/\/glnyjtm.cluster029.hosting.ovh.net\/btsfamily.org\/wp-content\/uploads\/2022\/02\/20220218_132937-1-2048x1536.jpg 2048w\" sizes=\"(max-width: 1024px) 100vw, 1024px\" \/><\/figure>\n<\/div>\n\n\n\n<div class=\"wp-block-column\">\n<figure class=\"wp-block-image size-large is-resized\"><img loading=\"lazy\" src=\"http:\/\/glnyjtm.cluster029.hosting.ovh.net\/btsfamily.org\/wp-content\/uploads\/2022\/02\/20220218_152212-1024x923.jpg\" alt=\"\" class=\"wp-image-498\" width=\"336\" height=\"303\" srcset=\"http:\/\/glnyjtm.cluster029.hosting.ovh.net\/btsfamily.org\/wp-content\/uploads\/2022\/02\/20220218_152212-1024x923.jpg 1024w, http:\/\/glnyjtm.cluster029.hosting.ovh.net\/btsfamily.org\/wp-content\/uploads\/2022\/02\/20220218_152212-300x270.jpg 300w, http:\/\/glnyjtm.cluster029.hosting.ovh.net\/btsfamily.org\/wp-content\/uploads\/2022\/02\/20220218_152212-768x692.jpg 768w, http:\/\/glnyjtm.cluster029.hosting.ovh.net\/btsfamily.org\/wp-content\/uploads\/2022\/02\/20220218_152212-1536x1384.jpg 1536w, http:\/\/glnyjtm.cluster029.hosting.ovh.net\/btsfamily.org\/wp-content\/uploads\/2022\/02\/20220218_152212.jpg 1953w\" sizes=\"(max-width: 336px) 100vw, 336px\" \/><\/figure>\n<\/div>\n<\/div>\n<\/div>\n<\/div>\n<\/div><\/div>\n\n\n\n<figure class=\"wp-block-embed aligncenter is-type-video is-provider-youtube wp-block-embed-youtube wp-embed-aspect-16-9 wp-has-aspect-ratio\"><div class=\"wp-block-embed__wrapper\">\n<iframe loading=\"lazy\" title=\"BTSFAmiLY X Kayo Coffee Anniversaire J-Hope 18 au 20 f\u00e9vrier 2022\" width=\"500\" height=\"281\" src=\"https:\/\/www.youtube.com\/embed\/RU3YnZVckgU?feature=oembed\" frameborder=\"0\" allow=\"accelerometer; autoplay; clipboard-write; encrypted-media; gyroscope; picture-in-picture\" allowfullscreen><\/iframe>\n<\/div><\/figure>\n\n\n\n<p>Nous remercions l&rsquo;\u00e9quipe du Kayo Coffee pour sa confiance et son accueil, et un tout grand merci aux Army pour leur participation et les moments partag\u00e9s ensemble. Nous en gardons un agr\u00e9able souvenir.<\/p>\n\n\n\n<p>Nous remettrons cela le week-end du 5 mars 2022 pour l&rsquo;anniversaire de Suga ! Retrouvez les informations relatives \u00e0 cet \u00e9v\u00e9nement sur nos r\u00e9seaux sociaux.<\/p>\n\n\n\n<p>Kayo Coffee : <a href=\"http:\/\/kayocoffee.fr\/\">http:\/\/kayocoffee.fr\/<\/a><\/p>\n\n\n\n<p><\/p>\n\n\n\n<p>Au plaisir de vous y retrouver !<\/p>\n\n\n\n<p>L&rsquo;\u00e9quipe BTSFAmiLY<\/p>\n","protected":false},"excerpt":{"rendered":"<p>J-HOPE BIRTHDAY AU KAYO COFFEE Pour c\u00e9l\u00e9brer l&rsquo;anniversaire de J-Hope, nous avons organis\u00e9 du 18 au 20 f\u00e9vrier 2022 notre tout premier \u00e9v\u00e9nement au Kayo Coffee, le premier caf\u00e9 consacr\u00e9 \u00e0 la KPOP en France. Au programme : Le vendredi 18 f\u00e9vrier, le jour de l&rsquo;anniversaire de Mr Sunshine, Ha\u00effa et Lantou ont propos\u00e9 une [&hellip;]<\/p>\n","protected":false},"author":1,"featured_media":0,"parent":0,"menu_order":0,"comment_status":"closed","ping_status":"closed","template":"","meta":[],"_links":{"self":[{"href":"http:\/\/www.btsfamily.org\/index.php\/wp-json\/wp\/v2\/pages\/271"}],"collection":[{"href":"http:\/\/www.btsfamily.org\/index.php\/wp-json\/wp\/v2\/pages"}],"about":[{"href":"http:\/\/www.btsfamily.org\/index.php\/wp-json\/wp\/v2\/types\/page"}],"author":[{"embeddable":true,"href":"http:\/\/www.btsfamily.org\/index.php\/wp-json\/wp\/v2\/users\/1"}],"replies":[{"embeddable":true,"href":"http:\/\/www.btsfamily.org\/index.php\/wp-json\/wp\/v2\/comments?post=271"}],"version-history":[{"count":12,"href":"http:\/\/www.btsfamily.org\/index.php\/wp-json\/wp\/v2\/pages\/271\/revisions"}],"predecessor-version":[{"id":515,"href":"http:\/\/www.btsfamily.org\/index.php\/wp-json\/wp\/v2\/pages\/271\/revisions\/515"}],"wp:attachment":[{"href":"http:\/\/www.btsfamily.org\/index.php\/wp-json\/wp\/v2\/media?parent=271"}],"curies":[{"name":"wp","href":"https:\/\/api.w.org\/{rel}","templated":true}]}}