{"id":176,"date":"2021-12-01T20:31:19","date_gmt":"2021-12-01T19:31:19","guid":{"rendered":"http:\/\/glnyjtm.cluster029.hosting.ovh.net\/btsfamily.org\/?page_id=176"},"modified":"2023-02-27T08:57:49","modified_gmt":"2023-02-27T07:57:49","slug":"comment-adherer","status":"publish","type":"page","link":"http:\/\/www.btsfamily.org\/index.php\/comment-adherer\/","title":{"rendered":"Pourquoi &#038; Comment adh\u00e9rer ?"},"content":{"rendered":"\n<p class=\"has-text-align-center\" style=\"font-size:18px\">La BTS FAmiLY n&rsquo;est pas uniquement l&rsquo;association des 12 membres fondateurs Army mais bien <strong>celle d&rsquo;Army en France et dans les pays francophones.<\/strong><\/p>\n\n\n\n<p>Nous avons \u00e0 c\u0153ur de r\u00e9unir Army autour de projets qui respectent les valeurs des membres et de continuer \u00e0 promouvoir la musique et les messages du groupe ainsi que la culture cor\u00e9enne. <\/p>\n\n\n\n<p>Note volont\u00e9 est avant tout de vous rencontrer en vous proposant divers projets :<\/p>\n\n\n\n<p> <\/p>\n\n\n\n<div class=\"wp-block-columns\">\n<div class=\"wp-block-column\">\n<figure class=\"wp-block-image size-full\"><img loading=\"lazy\" width=\"500\" height=\"500\" src=\"http:\/\/glnyjtm.cluster029.hosting.ovh.net\/btsfamily.org\/wp-content\/uploads\/2021\/12\/1-1.png\" alt=\"\" class=\"wp-image-318\" srcset=\"http:\/\/glnyjtm.cluster029.hosting.ovh.net\/btsfamily.org\/wp-content\/uploads\/2021\/12\/1-1.png 500w, http:\/\/glnyjtm.cluster029.hosting.ovh.net\/btsfamily.org\/wp-content\/uploads\/2021\/12\/1-1-300x300.png 300w, http:\/\/glnyjtm.cluster029.hosting.ovh.net\/btsfamily.org\/wp-content\/uploads\/2021\/12\/1-1-150x150.png 150w\" sizes=\"(max-width: 500px) 100vw, 500px\" \/><\/figure>\n<\/div>\n\n\n\n<div class=\"wp-block-column\">\n<figure class=\"wp-block-image size-full\"><img loading=\"lazy\" width=\"500\" height=\"500\" src=\"http:\/\/glnyjtm.cluster029.hosting.ovh.net\/btsfamily.org\/wp-content\/uploads\/2021\/12\/2.png\" alt=\"\" class=\"wp-image-319\" srcset=\"http:\/\/glnyjtm.cluster029.hosting.ovh.net\/btsfamily.org\/wp-content\/uploads\/2021\/12\/2.png 500w, http:\/\/glnyjtm.cluster029.hosting.ovh.net\/btsfamily.org\/wp-content\/uploads\/2021\/12\/2-300x300.png 300w, http:\/\/glnyjtm.cluster029.hosting.ovh.net\/btsfamily.org\/wp-content\/uploads\/2021\/12\/2-150x150.png 150w\" sizes=\"(max-width: 500px) 100vw, 500px\" \/><\/figure>\n<\/div>\n\n\n\n<div class=\"wp-block-column\">\n<figure class=\"wp-block-image size-full\"><img loading=\"lazy\" width=\"500\" height=\"500\" src=\"http:\/\/glnyjtm.cluster029.hosting.ovh.net\/btsfamily.org\/wp-content\/uploads\/2021\/12\/3.png\" alt=\"\" class=\"wp-image-320\" srcset=\"http:\/\/glnyjtm.cluster029.hosting.ovh.net\/btsfamily.org\/wp-content\/uploads\/2021\/12\/3.png 500w, http:\/\/glnyjtm.cluster029.hosting.ovh.net\/btsfamily.org\/wp-content\/uploads\/2021\/12\/3-300x300.png 300w, http:\/\/glnyjtm.cluster029.hosting.ovh.net\/btsfamily.org\/wp-content\/uploads\/2021\/12\/3-150x150.png 150w\" sizes=\"(max-width: 500px) 100vw, 500px\" \/><\/figure>\n<\/div>\n<\/div>\n\n\n\n<div class=\"wp-block-columns\">\n<div class=\"wp-block-column\">\n<div class=\"wp-block-columns\">\n<div class=\"wp-block-column\">\n<figure class=\"wp-block-image size-full\"><img loading=\"lazy\" width=\"500\" height=\"500\" src=\"http:\/\/glnyjtm.cluster029.hosting.ovh.net\/btsfamily.org\/wp-content\/uploads\/2021\/12\/4.png\" alt=\"\" class=\"wp-image-321\" srcset=\"http:\/\/glnyjtm.cluster029.hosting.ovh.net\/btsfamily.org\/wp-content\/uploads\/2021\/12\/4.png 500w, http:\/\/glnyjtm.cluster029.hosting.ovh.net\/btsfamily.org\/wp-content\/uploads\/2021\/12\/4-300x300.png 300w, http:\/\/glnyjtm.cluster029.hosting.ovh.net\/btsfamily.org\/wp-content\/uploads\/2021\/12\/4-150x150.png 150w\" sizes=\"(max-width: 500px) 100vw, 500px\" \/><\/figure>\n<\/div>\n\n\n\n<div class=\"wp-block-column\">\n<figure class=\"wp-block-image size-full\"><img loading=\"lazy\" width=\"500\" height=\"500\" src=\"http:\/\/glnyjtm.cluster029.hosting.ovh.net\/btsfamily.org\/wp-content\/uploads\/2021\/12\/5-2.png\" alt=\"\" class=\"wp-image-322\" srcset=\"http:\/\/glnyjtm.cluster029.hosting.ovh.net\/btsfamily.org\/wp-content\/uploads\/2021\/12\/5-2.png 500w, http:\/\/glnyjtm.cluster029.hosting.ovh.net\/btsfamily.org\/wp-content\/uploads\/2021\/12\/5-2-300x300.png 300w, http:\/\/glnyjtm.cluster029.hosting.ovh.net\/btsfamily.org\/wp-content\/uploads\/2021\/12\/5-2-150x150.png 150w\" sizes=\"(max-width: 500px) 100vw, 500px\" \/><\/figure>\n<\/div>\n\n\n\n<div class=\"wp-block-column\">\n<figure class=\"wp-block-image size-full\"><img loading=\"lazy\" width=\"500\" height=\"500\" src=\"http:\/\/glnyjtm.cluster029.hosting.ovh.net\/btsfamily.org\/wp-content\/uploads\/2021\/12\/6-2.png\" alt=\"\" class=\"wp-image-324\" srcset=\"http:\/\/glnyjtm.cluster029.hosting.ovh.net\/btsfamily.org\/wp-content\/uploads\/2021\/12\/6-2.png 500w, http:\/\/glnyjtm.cluster029.hosting.ovh.net\/btsfamily.org\/wp-content\/uploads\/2021\/12\/6-2-300x300.png 300w, http:\/\/glnyjtm.cluster029.hosting.ovh.net\/btsfamily.org\/wp-content\/uploads\/2021\/12\/6-2-150x150.png 150w\" sizes=\"(max-width: 500px) 100vw, 500px\" \/><\/figure>\n<\/div>\n<\/div>\n<\/div>\n<\/div>\n\n\n\n<p><\/p>\n\n\n\n<p class=\"has-text-align-center\" style=\"font-size:18px\">Pour profiter en priorit\u00e9 tout au long de l&rsquo;ann\u00e9e de ces \u00e9v\u00e9nements, c&rsquo;est tr\u00e8s simple il suffit d&rsquo;adh\u00e9rer en suivant le lien ci-dessous<\/p>\n\n\n\n<p><\/p>\n\n\n\n<p class=\"has-text-align-center\"><a href=\"https:\/\/www.helloasso.com\/associations\/bts-family\/adhesions\/adhesion-bts-family-2\">https:\/\/www.helloasso.com\/associations\/bts-family\/adhesions\/adhesion-bts-family-2<\/a><\/p>\n\n\n\n<div class=\"wp-block-buttons\">\n<div class=\"wp-block-button\"><a class=\"wp-block-button__link has-colibri-color-5-color has-colibri-color-4-background-color has-text-color has-background\" href=\"https:\/\/www.helloasso.com\/associations\/bts-family\/adhesions\/adhesion-bts-family-2\">Rejoignez nous maintenant !<\/a><\/div>\n<\/div>\n\n\n\n<p>L&rsquo;adh\u00e9sion est a<em>nnuelle et effective jusqu&rsquo;au <strong>31 d\u00e9cembre 2023<\/strong>.<\/em><\/p>\n\n\n\n<div class=\"wp-block-file\"><object class=\"wp-block-file__embed\" data=\"http:\/\/glnyjtm.cluster029.hosting.ovh.net\/btsfamily.org\/wp-content\/uploads\/2023\/02\/Statuts-BTS-FAmiLY-1.pdf\" type=\"application\/pdf\" style=\"width:100%;height:600px\" aria-label=\"Contenu embarqu\u00e9 Statuts-BTS-FAmiLY-1.\"><\/object><a href=\"http:\/\/glnyjtm.cluster029.hosting.ovh.net\/btsfamily.org\/wp-content\/uploads\/2023\/02\/Statuts-BTS-FAmiLY-1.pdf\">Statuts-BTS-FAmiLY-1<\/a><a href=\"http:\/\/glnyjtm.cluster029.hosting.ovh.net\/btsfamily.org\/wp-content\/uploads\/2023\/02\/Statuts-BTS-FAmiLY-1.pdf\" class=\"wp-block-file__button\" download>T\u00e9l\u00e9charger<\/a><\/div>\n","protected":false},"excerpt":{"rendered":"<p>La BTS FAmiLY n&rsquo;est pas uniquement l&rsquo;association des 12 membres fondateurs Army mais bien celle d&rsquo;Army en France et dans les pays francophones. Nous avons \u00e0 c\u0153ur de r\u00e9unir Army autour de projets qui respectent les valeurs des membres et de continuer \u00e0 promouvoir la musique et les messages du groupe ainsi que la culture [&hellip;]<\/p>\n","protected":false},"author":1,"featured_media":0,"parent":0,"menu_order":0,"comment_status":"closed","ping_status":"closed","template":"","meta":[],"_links":{"self":[{"href":"http:\/\/www.btsfamily.org\/index.php\/wp-json\/wp\/v2\/pages\/176"}],"collection":[{"href":"http:\/\/www.btsfamily.org\/index.php\/wp-json\/wp\/v2\/pages"}],"about":[{"href":"http:\/\/www.btsfamily.org\/index.php\/wp-json\/wp\/v2\/types\/page"}],"author":[{"embeddable":true,"href":"http:\/\/www.btsfamily.org\/index.php\/wp-json\/wp\/v2\/users\/1"}],"replies":[{"embeddable":true,"href":"http:\/\/www.btsfamily.org\/index.php\/wp-json\/wp\/v2\/comments?post=176"}],"version-history":[{"count":14,"href":"http:\/\/www.btsfamily.org\/index.php\/wp-json\/wp\/v2\/pages\/176\/revisions"}],"predecessor-version":[{"id":542,"href":"http:\/\/www.btsfamily.org\/index.php\/wp-json\/wp\/v2\/pages\/176\/revisions\/542"}],"wp:attachment":[{"href":"http:\/\/www.btsfamily.org\/index.php\/wp-json\/wp\/v2\/media?parent=176"}],"curies":[{"name":"wp","href":"https:\/\/api.w.org\/{rel}","templated":true}]}}